{"id":432,"date":"2022-02-13T15:58:42","date_gmt":"2022-02-13T15:58:42","guid":{"rendered":"https:\/\/villa-ani-dol.com\/island-brac\/"},"modified":"2022-03-23T12:18:23","modified_gmt":"2022-03-23T12:18:23","slug":"island-brac","status":"publish","type":"page","link":"https:\/\/villa-ani-dol.com\/en\/island-brac\/","title":{"rendered":"Island Bra\u010d"},"content":{"rendered":"\n<p>The island of Brac is the highest Adriatic and the largest Dalmatian island &#8211; Brac, well connected by ferry lines with Split, attracts visitors with its diversity, gentle and gentle coast and rugged landscape in the interior of the island. Once an island of farmers, cattle breeders, fishermen and stonemasons, today it is turned to tourism, but it does not forget and does not give up its tradition.<\/p>\n\n<p>The most famous tourist symbol of Bra\u010d is certainly the beach Zlatni rat in Bol. However, the whole island is full of beautiful beaches (Banj, Bili rat, Lovre\u010dina, Gumonca, Likva, Bunta, Mala Lozna, Lovre\u010dina, Murvica, Luka) and bays, and the crystal blue sea, unique gastronomic offer and hospitality of the locals give it recognizability due to which is visited by more and more guests every year. Bra\u010d is ideal for a family vacation, but also for those who want adrenaline and fun. The interior of the island offers another dimension &#8211; a rich cultural and historical heritage.<\/p>\n\n<div style=\"height:10px\" aria-hidden=\"true\" class=\"wp-block-spacer\"><\/div>\n\n<figure class=\"wp-block-gallery has-nested-images columns-default is-cropped wp-block-gallery-1 is-layout-flex wp-block-gallery-is-layout-flex\">\n<figure class=\"wp-block-image size-large\"><img loading=\"lazy\" decoding=\"async\" width=\"1120\" height=\"747\" data-id=\"470\" src=\"https:\/\/villa-ani-dol.com\/wp-content\/uploads\/2022\/03\/villa-ani-dol-brac-rental_10.jpg\" alt=\"\" class=\"wp-image-470\" srcset=\"https:\/\/villa-ani-dol.com\/wp-content\/uploads\/2022\/03\/villa-ani-dol-brac-rental_10.jpg 1120w, https:\/\/villa-ani-dol.com\/wp-content\/uploads\/2022\/03\/villa-ani-dol-brac-rental_10-300x200.jpg 300w, https:\/\/villa-ani-dol.com\/wp-content\/uploads\/2022\/03\/villa-ani-dol-brac-rental_10-1024x683.jpg 1024w, https:\/\/villa-ani-dol.com\/wp-content\/uploads\/2022\/03\/villa-ani-dol-brac-rental_10-768x512.jpg 768w\" sizes=\"(max-width: 1120px) 100vw, 1120px\" \/><\/figure>\n\n\n\n<figure class=\"wp-block-image size-large\"><img loading=\"lazy\" decoding=\"async\" width=\"275\" height=\"183\" data-id=\"468\" src=\"https:\/\/villa-ani-dol.com\/wp-content\/uploads\/2022\/03\/villa-ani-dol-brac-rental_9.jpg\" alt=\"\" class=\"wp-image-468\"\/><\/figure>\n\n\n\n<figure class=\"wp-block-image size-large\"><img loading=\"lazy\" decoding=\"async\" width=\"275\" height=\"183\" data-id=\"466\" src=\"https:\/\/villa-ani-dol.com\/wp-content\/uploads\/2022\/03\/villa-ani-dol-brac-rental_8.jpg\" alt=\"\" class=\"wp-image-466\"\/><\/figure>\n\n\n\n<figure class=\"wp-block-image size-large\"><img loading=\"lazy\" decoding=\"async\" width=\"1120\" height=\"747\" data-id=\"462\" src=\"https:\/\/villa-ani-dol.com\/wp-content\/uploads\/2022\/03\/villa-ani-dol-brac-rental_6.jpg\" alt=\"\" class=\"wp-image-462\" srcset=\"https:\/\/villa-ani-dol.com\/wp-content\/uploads\/2022\/03\/villa-ani-dol-brac-rental_6.jpg 1120w, https:\/\/villa-ani-dol.com\/wp-content\/uploads\/2022\/03\/villa-ani-dol-brac-rental_6-300x200.jpg 300w, https:\/\/villa-ani-dol.com\/wp-content\/uploads\/2022\/03\/villa-ani-dol-brac-rental_6-1024x683.jpg 1024w, https:\/\/villa-ani-dol.com\/wp-content\/uploads\/2022\/03\/villa-ani-dol-brac-rental_6-768x512.jpg 768w\" sizes=\"(max-width: 1120px) 100vw, 1120px\" \/><\/figure>\n\n\n\n<figure class=\"wp-block-image size-large\"><img loading=\"lazy\" decoding=\"async\" width=\"258\" height=\"195\" data-id=\"460\" src=\"https:\/\/villa-ani-dol.com\/wp-content\/uploads\/2022\/03\/villa-ani-dol-brac-rental_5.jpg\" alt=\"\" class=\"wp-image-460\"\/><\/figure>\n\n\n\n<figure class=\"wp-block-image size-large\"><img loading=\"lazy\" decoding=\"async\" width=\"728\" height=\"422\" data-id=\"458\" src=\"https:\/\/villa-ani-dol.com\/wp-content\/uploads\/2022\/03\/villa-ani-dol-brac-rental_4.jpg\" alt=\"\" class=\"wp-image-458\" srcset=\"https:\/\/villa-ani-dol.com\/wp-content\/uploads\/2022\/03\/villa-ani-dol-brac-rental_4.jpg 728w, https:\/\/villa-ani-dol.com\/wp-content\/uploads\/2022\/03\/villa-ani-dol-brac-rental_4-300x174.jpg 300w\" sizes=\"(max-width: 728px) 100vw, 728px\" \/><\/figure>\n\n\n\n<figure class=\"wp-block-image size-large\"><img loading=\"lazy\" decoding=\"async\" width=\"625\" height=\"394\" data-id=\"454\" src=\"https:\/\/villa-ani-dol.com\/wp-content\/uploads\/2022\/03\/villa-ani-dol-brac-rental_2.jpg\" alt=\"\" class=\"wp-image-454\" srcset=\"https:\/\/villa-ani-dol.com\/wp-content\/uploads\/2022\/03\/villa-ani-dol-brac-rental_2.jpg 625w, https:\/\/villa-ani-dol.com\/wp-content\/uploads\/2022\/03\/villa-ani-dol-brac-rental_2-300x189.jpg 300w\" sizes=\"(max-width: 625px) 100vw, 625px\" \/><\/figure>\n\n\n\n<figure class=\"wp-block-image size-large\"><img loading=\"lazy\" decoding=\"async\" width=\"728\" height=\"422\" data-id=\"456\" src=\"https:\/\/villa-ani-dol.com\/wp-content\/uploads\/2022\/03\/villa-ani-dol-brac-rental_3.jpg\" alt=\"\" class=\"wp-image-456\" srcset=\"https:\/\/villa-ani-dol.com\/wp-content\/uploads\/2022\/03\/villa-ani-dol-brac-rental_3.jpg 728w, https:\/\/villa-ani-dol.com\/wp-content\/uploads\/2022\/03\/villa-ani-dol-brac-rental_3-300x174.jpg 300w\" sizes=\"(max-width: 728px) 100vw, 728px\" \/><\/figure>\n<\/figure>\n\n<p>Windsurfing fans can enjoy Bol, Supetar and Povlja. Cyclists are offered several routes through beautiful landscapes, and those in shape are recommended to ride to Vidova gora, from where there is a beautiful view of Bol and the world-famous beach Zlatni rat. It also contains many cultural sights, museums, churches, picnic areas, eco-villages.<\/p>\n\n<p>Unlike all other Adriatic islands, which often look like stone axes sunk into the open sea, Brac has its own interior, rich flora and fauna and a more pronounced experience of the seasons.<\/p>\n\n<p>The whole island should be declared a unique cultural, historical and natural park, especially the south side, between Vidova gora, Bol&#8217;s Zlatni rat and Blaca desert, which forms a unique area where fishing, farming and pastoral Brac meet, with many nooks for solitude and peace, but also distinct social experiences, dance, music and sports.<\/p>\n\n<p><\/p>\n\n<p><strong>Dol<\/strong><\/p>\n\n<p>In a deep valley, some 2 km away from the sea, lies a typical Dalmatian settlement, Dol. The harmonious blend of untouched nature and human creativity give this place a special ambience. In the place there is a beautiful church of the Blessed Virgin Mary with a Renaissance facade, while above the place there are many old Croatian churches, of which the church of St. Petra, where the oldest church bell on the island of Bra\u010d has been preserved. Nowadays, the place that used to be bustling with life, is mostly abandoned, but lovers of rural tourism still delight with harmonious views of stone houses and taverns where you can taste top specialties of famous Brac lamb with quality homemade oil and wine.<\/p>\n","protected":false},"excerpt":{"rendered":"<p>The island of Brac is the highest Adriatic and the largest Dalmatian island &#8211; Brac, well connected by ferry lines with Split, attracts visitors with its diversity, gentle and gentle coast and rugged landscape in the interior of the island. Once an island of farmers, cattle breeders, fishermen and stonemasons,[&#8230;]<\/p>\n","protected":false},"author":1,"featured_media":453,"parent":0,"menu_order":0,"comment_status":"closed","ping_status":"closed","template":"template-fullwidth.php","meta":{"footnotes":""},"_links":{"self":[{"href":"https:\/\/villa-ani-dol.com\/en\/wp-json\/wp\/v2\/pages\/432"}],"collection":[{"href":"https:\/\/villa-ani-dol.com\/en\/wp-json\/wp\/v2\/pages"}],"about":[{"href":"https:\/\/villa-ani-dol.com\/en\/wp-json\/wp\/v2\/types\/page"}],"author":[{"embeddable":true,"href":"https:\/\/villa-ani-dol.com\/en\/wp-json\/wp\/v2\/users\/1"}],"replies":[{"embeddable":true,"href":"https:\/\/villa-ani-dol.com\/en\/wp-json\/wp\/v2\/comments?post=432"}],"version-history":[{"count":4,"href":"https:\/\/villa-ani-dol.com\/en\/wp-json\/wp\/v2\/pages\/432\/revisions"}],"predecessor-version":[{"id":480,"href":"https:\/\/villa-ani-dol.com\/en\/wp-json\/wp\/v2\/pages\/432\/revisions\/480"}],"wp:featuredmedia":[{"embeddable":true,"href":"https:\/\/villa-ani-dol.com\/en\/wp-json\/wp\/v2\/media\/453"}],"wp:attachment":[{"href":"https:\/\/villa-ani-dol.com\/en\/wp-json\/wp\/v2\/media?parent=432"}],"curies":[{"name":"wp","href":"https:\/\/api.w.org\/{rel}","templated":true}]}}